{"id":3451,"date":"2024-03-12T14:23:08","date_gmt":"2024-03-12T13:23:08","guid":{"rendered":"http:\/\/wordpress.p697647.webspaceconfig.de\/aviso-legal\/"},"modified":"2026-04-08T20:41:47","modified_gmt":"2026-04-08T18:41:47","slug":"aviso-legal","status":"publish","type":"page","link":"https:\/\/www.keller-kek.de\/es\/aviso-legal\/","title":{"rendered":"Aviso legal"},"content":{"rendered":"\t\t<div data-elementor-type=\"wp-page\" data-elementor-id=\"3451\" class=\"elementor elementor-3451 elementor-11\" data-elementor-post-type=\"page\">\n\t\t\t\t<div class=\"elementor-element elementor-element-ea48dde pad-b-l e-flex e-con-boxed e-con e-parent\" data-id=\"ea48dde\" data-element_type=\"container\" data-e-type=\"container\">\n\t\t\t\t\t<div class=\"e-con-inner\">\n\t\t\t\t<div class=\"elementor-element elementor-element-a3848c7 elementor-widget elementor-widget-text-editor\" data-id=\"a3848c7\" data-element_type=\"widget\" data-e-type=\"widget\" data-widget_type=\"text-editor.default\">\n\t\t\t\t<div class=\"elementor-widget-container\">\n\t\t\t\t\t\t\t\t\t<h1>Aviso legal<\/h1><p>EGON KELLER GMBH &amp; CO. KG<br>Anton-K\u00fcppers-Weg 17<br>42855 Remscheid<\/p><p>Registro Mercantil: HRA 17878<br>Juzgado de Registro: Amtsgericht Wuppertal<\/p><p><strong>Representada por:<\/strong><br>Keller Verwaltungs GmbH<\/p><p>A su vez, representada por:<br>Markus Keller, Ulrich Keller, Petra Hermann-Keller, Karina Keller<\/p><p>Registro Mercantil: HRB 11133<br>Juzgado de Registro: Amtsgerichts Wuppertal<\/p><h2><br>Contacto<\/h2><p>Tel\u00e9fono: +49 2191 84100<br>Correo electr\u00f3nico: info@keller-kek.de<\/p><h2><br>ID de IVA<\/h2><p>N\u00famero de identificaci\u00f3n fiscal (IVA) seg\u00fan el \u00a7 27 a de la Ley del Impuesto sobre el Valor A\u00f1adido:<br>DE120804254<\/p><h2><br>Resoluci\u00f3n de litigios de consumo\/Junta de arbitraje universal<\/h2><p>No estamos dispuestos ni obligados a participar en procedimientos de resoluci\u00f3n de litigios ante una junta de arbitraje de consumo.<\/p>\t\t\t\t\t\t\t\t<\/div>\n\t\t\t\t<\/div>\n\t\t<div class=\"elementor-element elementor-element-1dbafe4 e-con-full e-flex e-con e-child\" data-id=\"1dbafe4\" data-element_type=\"container\" data-e-type=\"container\">\n\t\t\t\t<div class=\"elementor-element elementor-element-9753aed elementor-widget elementor-widget-text-editor\" data-id=\"9753aed\" data-element_type=\"widget\" data-e-type=\"widget\" data-widget_type=\"text-editor.default\">\n\t\t\t\t<div class=\"elementor-widget-container\">\n\t\t\t\t\t\t\t\t\t<p>Dise\u00f1o web por<\/p>\t\t\t\t\t\t\t\t<\/div>\n\t\t\t\t<\/div>\n\t\t\t\t<div class=\"elementor-element elementor-element-70e67af elementor-widget elementor-widget-image\" data-id=\"70e67af\" data-element_type=\"widget\" data-e-type=\"widget\" data-widget_type=\"image.default\">\n\t\t\t\t<div class=\"elementor-widget-container\">\n\t\t\t\t\t\t\t\t\t\t\t\t\t\t\t\t<a href=\"https:\/\/www.gernhard.com\">\n\t\t\t\t\t\t\t<img decoding=\"async\" width=\"397\" height=\"105\" src=\"https:\/\/www.keller-kek.de\/wp-content\/uploads\/Gernhard-Online-Marketing-Logo-pure-weiss.svg\" class=\"attachment-large size-large wp-image-3450\" alt=\"\" \/>\t\t\t\t\t\t\t\t<\/a>\n\t\t\t\t\t\t\t\t\t\t\t\t\t\t\t<\/div>\n\t\t\t\t<\/div>\n\t\t\t\t<\/div>\n\t\t\t\t\t<\/div>\n\t\t\t\t<\/div>\n\t\t\t\t<\/div>\n\t\t","protected":false},"excerpt":{"rendered":"<p>Aviso legal EGON KELLER GMBH &amp; CO. KGAnton-K\u00fcppers-Weg 1742855 Remscheid Registro Mercantil: HRA 17878Juzgado de Registro: Amtsgericht Wuppertal Representada por:Keller Verwaltungs GmbH A su vez, representada por:Markus Keller, Ulrich Keller, Petra Hermann-Keller, Karina Keller Registro Mercantil: HRB 11133Juzgado de Registro: Amtsgerichts Wuppertal Contacto Tel\u00e9fono: +49 2191 84100Correo electr\u00f3nico: info@keller-kek.de ID de IVA N\u00famero de identificaci\u00f3n [&hellip;]<\/p>\n","protected":false},"author":3,"featured_media":3641,"parent":0,"menu_order":0,"comment_status":"closed","ping_status":"closed","template":"","meta":{"footnotes":""},"class_list":["post-3451","page","type-page","status-publish","has-post-thumbnail","hentry"],"yoast_head":"<!-- This site is optimized with the Yoast SEO plugin v27.4 - https:\/\/yoast.com\/product\/yoast-seo-wordpress\/ -->\n<title>Aviso legal | Egon Keller GmbH &amp; Co. KG<\/title>\n<meta name=\"description\" content=\"Aviso legal de Egon Keller GmbH &amp; Co. KG, Remscheid: informaci\u00f3n sobre el registro mercantil, la direcci\u00f3n, el contacto y el NIF-IVA.\" \/>\n<meta name=\"robots\" content=\"noindex, follow\" \/>\n<meta property=\"og:locale\" content=\"es_ES\" \/>\n<meta property=\"og:type\" content=\"article\" \/>\n<meta property=\"og:title\" content=\"Aviso legal | Egon Keller GmbH &amp; Co. KG\" \/>\n<meta property=\"og:description\" content=\"Aviso legal de Egon Keller GmbH &amp; Co. KG, Remscheid: informaci\u00f3n sobre el registro mercantil, la direcci\u00f3n, el contacto y el NIF-IVA.\" \/>\n<meta property=\"og:url\" content=\"https:\/\/www.keller-kek.de\/es\/aviso-legal\/\" \/>\n<meta property=\"og:site_name\" content=\"Keller KEK\" \/>\n<meta property=\"article:publisher\" content=\"https:\/\/www.facebook.com\/egon.keller.gmbh.und.co.kg\/\" \/>\n<meta property=\"article:modified_time\" content=\"2026-04-08T18:41:47+00:00\" \/>\n<meta property=\"og:image\" content=\"https:\/\/www.keller-kek.de\/wp-content\/uploads\/keller-kek-maschine-training.webp\" \/>\n\t<meta property=\"og:image:width\" content=\"2144\" \/>\n\t<meta property=\"og:image:height\" content=\"1430\" \/>\n\t<meta property=\"og:image:type\" content=\"image\/webp\" \/>\n<meta name=\"twitter:card\" content=\"summary_large_image\" \/>\n<meta name=\"twitter:label1\" content=\"Tiempo de lectura\" \/>\n\t<meta name=\"twitter:data1\" content=\"1 minuto\" \/>\n<script type=\"application\/ld+json\" class=\"yoast-schema-graph\">{\"@context\":\"https:\\\/\\\/schema.org\",\"@graph\":[{\"@type\":\"WebPage\",\"@id\":\"https:\\\/\\\/www.keller-kek.de\\\/es\\\/aviso-legal\\\/\",\"url\":\"https:\\\/\\\/www.keller-kek.de\\\/es\\\/aviso-legal\\\/\",\"name\":\"Aviso legal | Egon Keller GmbH & Co. KG\",\"isPartOf\":{\"@id\":\"https:\\\/\\\/www.keller-kek.de\\\/es\\\/#website\"},\"primaryImageOfPage\":{\"@id\":\"https:\\\/\\\/www.keller-kek.de\\\/es\\\/aviso-legal\\\/#primaryimage\"},\"image\":{\"@id\":\"https:\\\/\\\/www.keller-kek.de\\\/es\\\/aviso-legal\\\/#primaryimage\"},\"thumbnailUrl\":\"https:\\\/\\\/www.keller-kek.de\\\/wp-content\\\/uploads\\\/keller-kek-maschine-training.webp\",\"datePublished\":\"2024-03-12T13:23:08+00:00\",\"dateModified\":\"2026-04-08T18:41:47+00:00\",\"description\":\"Aviso legal de Egon Keller GmbH & Co. KG, Remscheid: informaci\u00f3n sobre el registro mercantil, la direcci\u00f3n, el contacto y el NIF-IVA.\",\"breadcrumb\":{\"@id\":\"https:\\\/\\\/www.keller-kek.de\\\/es\\\/aviso-legal\\\/#breadcrumb\"},\"inLanguage\":\"es\",\"potentialAction\":[{\"@type\":\"ReadAction\",\"target\":[\"https:\\\/\\\/www.keller-kek.de\\\/es\\\/aviso-legal\\\/\"]}]},{\"@type\":\"ImageObject\",\"inLanguage\":\"es\",\"@id\":\"https:\\\/\\\/www.keller-kek.de\\\/es\\\/aviso-legal\\\/#primaryimage\",\"url\":\"https:\\\/\\\/www.keller-kek.de\\\/wp-content\\\/uploads\\\/keller-kek-maschine-training.webp\",\"contentUrl\":\"https:\\\/\\\/www.keller-kek.de\\\/wp-content\\\/uploads\\\/keller-kek-maschine-training.webp\",\"width\":2144,\"height\":1430},{\"@type\":\"BreadcrumbList\",\"@id\":\"https:\\\/\\\/www.keller-kek.de\\\/es\\\/aviso-legal\\\/#breadcrumb\",\"itemListElement\":[{\"@type\":\"ListItem\",\"position\":1,\"name\":\"Home\",\"item\":\"https:\\\/\\\/www.keller-kek.de\\\/es\\\/inicio\\\/\"},{\"@type\":\"ListItem\",\"position\":2,\"name\":\"Aviso legal\"}]},{\"@type\":\"WebSite\",\"@id\":\"https:\\\/\\\/www.keller-kek.de\\\/es\\\/#website\",\"url\":\"https:\\\/\\\/www.keller-kek.de\\\/es\\\/\",\"name\":\"Keller KEK\",\"description\":\"Industrielle Schneckenpressen und Baumwollentk\u00f6rnungsmaschinen\",\"publisher\":{\"@id\":\"https:\\\/\\\/www.keller-kek.de\\\/es\\\/#organization\"},\"alternateName\":\"KEK\",\"potentialAction\":[{\"@type\":\"SearchAction\",\"target\":{\"@type\":\"EntryPoint\",\"urlTemplate\":\"https:\\\/\\\/www.keller-kek.de\\\/es\\\/?s={search_term_string}\"},\"query-input\":{\"@type\":\"PropertyValueSpecification\",\"valueRequired\":true,\"valueName\":\"search_term_string\"}}],\"inLanguage\":\"es\"},{\"@type\":\"Organization\",\"@id\":\"https:\\\/\\\/www.keller-kek.de\\\/es\\\/#organization\",\"name\":\"EGON KELLER GMBH & CO. KG\",\"alternateName\":\"Industrielle Schneckenpressen und Baumwollentk\u00f6rnungsmaschinen\",\"url\":\"https:\\\/\\\/www.keller-kek.de\\\/es\\\/\",\"logo\":{\"@type\":\"ImageObject\",\"inLanguage\":\"es\",\"@id\":\"https:\\\/\\\/www.keller-kek.de\\\/es\\\/#\\\/schema\\\/logo\\\/image\\\/\",\"url\":\"http:\\\/\\\/wordpress.p697647.webspaceconfig.de\\\/wp-content\\\/uploads\\\/keller-kek-fav.webp\",\"contentUrl\":\"http:\\\/\\\/wordpress.p697647.webspaceconfig.de\\\/wp-content\\\/uploads\\\/keller-kek-fav.webp\",\"width\":512,\"height\":512,\"caption\":\"EGON KELLER GMBH & CO. KG\"},\"image\":{\"@id\":\"https:\\\/\\\/www.keller-kek.de\\\/es\\\/#\\\/schema\\\/logo\\\/image\\\/\"},\"sameAs\":[\"https:\\\/\\\/www.facebook.com\\\/egon.keller.gmbh.und.co.kg\\\/\",\"https:\\\/\\\/www.instagram.com\\\/kek_germany\\\/\"]}]}<\/script>\n<!-- \/ Yoast SEO plugin. -->","yoast_head_json":{"title":"Aviso legal | Egon Keller GmbH & Co. KG","description":"Aviso legal de Egon Keller GmbH & Co. KG, Remscheid: informaci\u00f3n sobre el registro mercantil, la direcci\u00f3n, el contacto y el NIF-IVA.","robots":{"index":"noindex","follow":"follow"},"og_locale":"es_ES","og_type":"article","og_title":"Aviso legal | Egon Keller GmbH & Co. KG","og_description":"Aviso legal de Egon Keller GmbH & Co. KG, Remscheid: informaci\u00f3n sobre el registro mercantil, la direcci\u00f3n, el contacto y el NIF-IVA.","og_url":"https:\/\/www.keller-kek.de\/es\/aviso-legal\/","og_site_name":"Keller KEK","article_publisher":"https:\/\/www.facebook.com\/egon.keller.gmbh.und.co.kg\/","article_modified_time":"2026-04-08T18:41:47+00:00","og_image":[{"width":2144,"height":1430,"url":"https:\/\/www.keller-kek.de\/wp-content\/uploads\/keller-kek-maschine-training.webp","type":"image\/webp"}],"twitter_card":"summary_large_image","twitter_misc":{"Tiempo de lectura":"1 minuto"},"schema":{"@context":"https:\/\/schema.org","@graph":[{"@type":"WebPage","@id":"https:\/\/www.keller-kek.de\/es\/aviso-legal\/","url":"https:\/\/www.keller-kek.de\/es\/aviso-legal\/","name":"Aviso legal | Egon Keller GmbH & Co. KG","isPartOf":{"@id":"https:\/\/www.keller-kek.de\/es\/#website"},"primaryImageOfPage":{"@id":"https:\/\/www.keller-kek.de\/es\/aviso-legal\/#primaryimage"},"image":{"@id":"https:\/\/www.keller-kek.de\/es\/aviso-legal\/#primaryimage"},"thumbnailUrl":"https:\/\/www.keller-kek.de\/wp-content\/uploads\/keller-kek-maschine-training.webp","datePublished":"2024-03-12T13:23:08+00:00","dateModified":"2026-04-08T18:41:47+00:00","description":"Aviso legal de Egon Keller GmbH & Co. KG, Remscheid: informaci\u00f3n sobre el registro mercantil, la direcci\u00f3n, el contacto y el NIF-IVA.","breadcrumb":{"@id":"https:\/\/www.keller-kek.de\/es\/aviso-legal\/#breadcrumb"},"inLanguage":"es","potentialAction":[{"@type":"ReadAction","target":["https:\/\/www.keller-kek.de\/es\/aviso-legal\/"]}]},{"@type":"ImageObject","inLanguage":"es","@id":"https:\/\/www.keller-kek.de\/es\/aviso-legal\/#primaryimage","url":"https:\/\/www.keller-kek.de\/wp-content\/uploads\/keller-kek-maschine-training.webp","contentUrl":"https:\/\/www.keller-kek.de\/wp-content\/uploads\/keller-kek-maschine-training.webp","width":2144,"height":1430},{"@type":"BreadcrumbList","@id":"https:\/\/www.keller-kek.de\/es\/aviso-legal\/#breadcrumb","itemListElement":[{"@type":"ListItem","position":1,"name":"Home","item":"https:\/\/www.keller-kek.de\/es\/inicio\/"},{"@type":"ListItem","position":2,"name":"Aviso legal"}]},{"@type":"WebSite","@id":"https:\/\/www.keller-kek.de\/es\/#website","url":"https:\/\/www.keller-kek.de\/es\/","name":"Keller KEK","description":"Industrielle Schneckenpressen und Baumwollentk\u00f6rnungsmaschinen","publisher":{"@id":"https:\/\/www.keller-kek.de\/es\/#organization"},"alternateName":"KEK","potentialAction":[{"@type":"SearchAction","target":{"@type":"EntryPoint","urlTemplate":"https:\/\/www.keller-kek.de\/es\/?s={search_term_string}"},"query-input":{"@type":"PropertyValueSpecification","valueRequired":true,"valueName":"search_term_string"}}],"inLanguage":"es"},{"@type":"Organization","@id":"https:\/\/www.keller-kek.de\/es\/#organization","name":"EGON KELLER GMBH & CO. KG","alternateName":"Industrielle Schneckenpressen und Baumwollentk\u00f6rnungsmaschinen","url":"https:\/\/www.keller-kek.de\/es\/","logo":{"@type":"ImageObject","inLanguage":"es","@id":"https:\/\/www.keller-kek.de\/es\/#\/schema\/logo\/image\/","url":"http:\/\/wordpress.p697647.webspaceconfig.de\/wp-content\/uploads\/keller-kek-fav.webp","contentUrl":"http:\/\/wordpress.p697647.webspaceconfig.de\/wp-content\/uploads\/keller-kek-fav.webp","width":512,"height":512,"caption":"EGON KELLER GMBH & CO. KG"},"image":{"@id":"https:\/\/www.keller-kek.de\/es\/#\/schema\/logo\/image\/"},"sameAs":["https:\/\/www.facebook.com\/egon.keller.gmbh.und.co.kg\/","https:\/\/www.instagram.com\/kek_germany\/"]}]}},"_links":{"self":[{"href":"https:\/\/www.keller-kek.de\/es\/wp-json\/wp\/v2\/pages\/3451","targetHints":{"allow":["GET"]}}],"collection":[{"href":"https:\/\/www.keller-kek.de\/es\/wp-json\/wp\/v2\/pages"}],"about":[{"href":"https:\/\/www.keller-kek.de\/es\/wp-json\/wp\/v2\/types\/page"}],"author":[{"embeddable":true,"href":"https:\/\/www.keller-kek.de\/es\/wp-json\/wp\/v2\/users\/3"}],"replies":[{"embeddable":true,"href":"https:\/\/www.keller-kek.de\/es\/wp-json\/wp\/v2\/comments?post=3451"}],"version-history":[{"count":2,"href":"https:\/\/www.keller-kek.de\/es\/wp-json\/wp\/v2\/pages\/3451\/revisions"}],"predecessor-version":[{"id":3606,"href":"https:\/\/www.keller-kek.de\/es\/wp-json\/wp\/v2\/pages\/3451\/revisions\/3606"}],"wp:featuredmedia":[{"embeddable":true,"href":"https:\/\/www.keller-kek.de\/es\/wp-json\/wp\/v2\/media\/3641"}],"wp:attachment":[{"href":"https:\/\/www.keller-kek.de\/es\/wp-json\/wp\/v2\/media?parent=3451"}],"curies":[{"name":"wp","href":"https:\/\/api.w.org\/{rel}","templated":true}]}}