{"id":3447,"date":"2024-03-12T14:23:08","date_gmt":"2024-03-12T13:23:08","guid":{"rendered":"http:\/\/wordpress.p697647.webspaceconfig.de\/mentions-legales\/"},"modified":"2026-04-08T20:41:29","modified_gmt":"2026-04-08T18:41:29","slug":"mentions-legales","status":"publish","type":"page","link":"https:\/\/www.keller-kek.de\/fr\/mentions-legales\/","title":{"rendered":"Mentions l\u00e9gales"},"content":{"rendered":"\t\t<div data-elementor-type=\"wp-page\" data-elementor-id=\"3447\" class=\"elementor elementor-3447 elementor-11\" data-elementor-post-type=\"page\">\n\t\t\t\t<div class=\"elementor-element elementor-element-ea48dde pad-b-l e-flex e-con-boxed e-con e-parent\" data-id=\"ea48dde\" data-element_type=\"container\" data-e-type=\"container\">\n\t\t\t\t\t<div class=\"e-con-inner\">\n\t\t\t\t<div class=\"elementor-element elementor-element-a3848c7 elementor-widget elementor-widget-text-editor\" data-id=\"a3848c7\" data-element_type=\"widget\" data-e-type=\"widget\" data-widget_type=\"text-editor.default\">\n\t\t\t\t<div class=\"elementor-widget-container\">\n\t\t\t\t\t\t\t\t\t<h1>Mentions l\u00e9gales<\/h1><p>EGON KELLER GMBH &amp; CO. KG<br>Anton-K\u00fcppers-Weg 17<br>42855 Remscheid<\/p><p>Registre du commerce : HRA 17878<br>Tribunal d\u2019enregistrement : Amtsgericht Wuppertal<\/p><p><strong>Repr\u00e9sent\u00e9e par :<\/strong><br>Keller Verwaltungs GmbH<\/p><p>Repr\u00e9sent\u00e9e par :<br>Markus Keller, Ulrich Keller, Petra Hermann-Keller, Karina Keller<\/p><p>Registre du commerce : HRB 11133<br>Tribunal d\u2019enregistrement : Amtsgericht Wuppertal<\/p><h2><br>Contact<\/h2><p>T\u00e9l\u00e9phone : +49 2191 84100<br>E-mail : info@keller-kek.de<\/p><h2><br>Num\u00e9ro de TVA intracommunautaire<\/h2><p>Num\u00e9ro d\u2019identification \u00e0 la taxe sur la valeur ajout\u00e9e conform\u00e9ment au \u00a7 27 a de la loi relative \u00e0 la taxe sur le chiffre d\u2019affaires :<br>DE120804254<\/p><h2><br>R\u00e8glement des litiges de consommation \/ Organisme de conciliation universel<\/h2><p>Nous ne sommes ni dispos\u00e9s ni oblig\u00e9s de participer \u00e0 une proc\u00e9dure de r\u00e8glement des litiges devant un organisme de conciliation pour les consommateurs.<\/p>\t\t\t\t\t\t\t\t<\/div>\n\t\t\t\t<\/div>\n\t\t<div class=\"elementor-element elementor-element-1dbafe4 e-con-full e-flex e-con e-child\" data-id=\"1dbafe4\" data-element_type=\"container\" data-e-type=\"container\">\n\t\t\t\t<div class=\"elementor-element elementor-element-9753aed elementor-widget elementor-widget-text-editor\" data-id=\"9753aed\" data-element_type=\"widget\" data-e-type=\"widget\" data-widget_type=\"text-editor.default\">\n\t\t\t\t<div class=\"elementor-widget-container\">\n\t\t\t\t\t\t\t\t\t<p>Webdesign par<\/p>\t\t\t\t\t\t\t\t<\/div>\n\t\t\t\t<\/div>\n\t\t\t\t<div class=\"elementor-element elementor-element-70e67af elementor-widget elementor-widget-image\" data-id=\"70e67af\" data-element_type=\"widget\" data-e-type=\"widget\" data-widget_type=\"image.default\">\n\t\t\t\t<div class=\"elementor-widget-container\">\n\t\t\t\t\t\t\t\t\t\t\t\t\t\t\t\t<a href=\"https:\/\/www.gernhard.com\">\n\t\t\t\t\t\t\t<img decoding=\"async\" width=\"397\" height=\"105\" src=\"https:\/\/www.keller-kek.de\/wp-content\/uploads\/Gernhard-Online-Marketing-Logo-pure-weiss.svg\" class=\"attachment-large size-large wp-image-3446\" alt=\"\" \/>\t\t\t\t\t\t\t\t<\/a>\n\t\t\t\t\t\t\t\t\t\t\t\t\t\t\t<\/div>\n\t\t\t\t<\/div>\n\t\t\t\t<\/div>\n\t\t\t\t\t<\/div>\n\t\t\t\t<\/div>\n\t\t\t\t<\/div>\n\t\t","protected":false},"excerpt":{"rendered":"<p>Mentions l\u00e9gales EGON KELLER GMBH &amp; CO. KGAnton-K\u00fcppers-Weg 1742855 Remscheid Registre du commerce : HRA 17878Tribunal d\u2019enregistrement : Amtsgericht Wuppertal Repr\u00e9sent\u00e9e par :Keller Verwaltungs GmbH Repr\u00e9sent\u00e9e par :Markus Keller, Ulrich Keller, Petra Hermann-Keller, Karina Keller Registre du commerce : HRB 11133Tribunal d\u2019enregistrement : Amtsgericht Wuppertal Contact T\u00e9l\u00e9phone : +49 2191 84100E-mail : info@keller-kek.de Num\u00e9ro de [&hellip;]<\/p>\n","protected":false},"author":3,"featured_media":3643,"parent":0,"menu_order":0,"comment_status":"closed","ping_status":"closed","template":"","meta":{"footnotes":""},"class_list":["post-3447","page","type-page","status-publish","has-post-thumbnail","hentry"],"yoast_head":"<!-- This site is optimized with the Yoast SEO plugin v27.4 - https:\/\/yoast.com\/product\/yoast-seo-wordpress\/ -->\n<title>Mentions l\u00e9gales | Egon Keller GmbH &amp; Co. KG<\/title>\n<meta name=\"description\" content=\"Mentions l\u00e9gales de la soci\u00e9t\u00e9 Egon Keller GmbH &amp; Co. KG, Remscheid : informations sur le registre du commerce, la direction, les coordonn\u00e9es et le num\u00e9ro de TVA intracommunautaire.\" \/>\n<meta name=\"robots\" content=\"noindex, follow\" \/>\n<meta property=\"og:locale\" content=\"fr_FR\" \/>\n<meta property=\"og:type\" content=\"article\" \/>\n<meta property=\"og:title\" content=\"Mentions l\u00e9gales | Egon Keller GmbH &amp; Co. KG\" \/>\n<meta property=\"og:description\" content=\"Mentions l\u00e9gales de la soci\u00e9t\u00e9 Egon Keller GmbH &amp; Co. KG, Remscheid : informations sur le registre du commerce, la direction, les coordonn\u00e9es et le num\u00e9ro de TVA intracommunautaire.\" \/>\n<meta property=\"og:url\" content=\"https:\/\/www.keller-kek.de\/fr\/mentions-legales\/\" \/>\n<meta property=\"og:site_name\" content=\"Keller KEK\" \/>\n<meta property=\"article:publisher\" content=\"https:\/\/www.facebook.com\/egon.keller.gmbh.und.co.kg\/\" \/>\n<meta property=\"article:modified_time\" content=\"2026-04-08T18:41:29+00:00\" \/>\n<meta property=\"og:image\" content=\"https:\/\/www.keller-kek.de\/wp-content\/uploads\/keller-kek-maschine-training.webp\" \/>\n\t<meta property=\"og:image:width\" content=\"2144\" \/>\n\t<meta property=\"og:image:height\" content=\"1430\" \/>\n\t<meta property=\"og:image:type\" content=\"image\/webp\" \/>\n<meta name=\"twitter:card\" content=\"summary_large_image\" \/>\n<meta name=\"twitter:label1\" content=\"Dur\u00e9e de lecture estim\u00e9e\" \/>\n\t<meta name=\"twitter:data1\" content=\"1 minute\" \/>\n<script type=\"application\/ld+json\" class=\"yoast-schema-graph\">{\"@context\":\"https:\\\/\\\/schema.org\",\"@graph\":[{\"@type\":\"WebPage\",\"@id\":\"https:\\\/\\\/www.keller-kek.de\\\/fr\\\/mentions-legales\\\/\",\"url\":\"https:\\\/\\\/www.keller-kek.de\\\/fr\\\/mentions-legales\\\/\",\"name\":\"Mentions l\u00e9gales | Egon Keller GmbH & Co. KG\",\"isPartOf\":{\"@id\":\"https:\\\/\\\/www.keller-kek.de\\\/fr\\\/#website\"},\"primaryImageOfPage\":{\"@id\":\"https:\\\/\\\/www.keller-kek.de\\\/fr\\\/mentions-legales\\\/#primaryimage\"},\"image\":{\"@id\":\"https:\\\/\\\/www.keller-kek.de\\\/fr\\\/mentions-legales\\\/#primaryimage\"},\"thumbnailUrl\":\"https:\\\/\\\/www.keller-kek.de\\\/wp-content\\\/uploads\\\/keller-kek-maschine-training.webp\",\"datePublished\":\"2024-03-12T13:23:08+00:00\",\"dateModified\":\"2026-04-08T18:41:29+00:00\",\"description\":\"Mentions l\u00e9gales de la soci\u00e9t\u00e9 Egon Keller GmbH & Co. KG, Remscheid : informations sur le registre du commerce, la direction, les coordonn\u00e9es et le num\u00e9ro de TVA intracommunautaire.\",\"breadcrumb\":{\"@id\":\"https:\\\/\\\/www.keller-kek.de\\\/fr\\\/mentions-legales\\\/#breadcrumb\"},\"inLanguage\":\"fr-FR\",\"potentialAction\":[{\"@type\":\"ReadAction\",\"target\":[\"https:\\\/\\\/www.keller-kek.de\\\/fr\\\/mentions-legales\\\/\"]}]},{\"@type\":\"ImageObject\",\"inLanguage\":\"fr-FR\",\"@id\":\"https:\\\/\\\/www.keller-kek.de\\\/fr\\\/mentions-legales\\\/#primaryimage\",\"url\":\"https:\\\/\\\/www.keller-kek.de\\\/wp-content\\\/uploads\\\/keller-kek-maschine-training.webp\",\"contentUrl\":\"https:\\\/\\\/www.keller-kek.de\\\/wp-content\\\/uploads\\\/keller-kek-maschine-training.webp\",\"width\":2144,\"height\":1430},{\"@type\":\"BreadcrumbList\",\"@id\":\"https:\\\/\\\/www.keller-kek.de\\\/fr\\\/mentions-legales\\\/#breadcrumb\",\"itemListElement\":[{\"@type\":\"ListItem\",\"position\":1,\"name\":\"Home\",\"item\":\"https:\\\/\\\/www.keller-kek.de\\\/fr\\\/accueil\\\/\"},{\"@type\":\"ListItem\",\"position\":2,\"name\":\"Mentions l\u00e9gales\"}]},{\"@type\":\"WebSite\",\"@id\":\"https:\\\/\\\/www.keller-kek.de\\\/fr\\\/#website\",\"url\":\"https:\\\/\\\/www.keller-kek.de\\\/fr\\\/\",\"name\":\"Keller KEK\",\"description\":\"Industrielle Schneckenpressen und Baumwollentk\u00f6rnungsmaschinen\",\"publisher\":{\"@id\":\"https:\\\/\\\/www.keller-kek.de\\\/fr\\\/#organization\"},\"alternateName\":\"KEK\",\"potentialAction\":[{\"@type\":\"SearchAction\",\"target\":{\"@type\":\"EntryPoint\",\"urlTemplate\":\"https:\\\/\\\/www.keller-kek.de\\\/fr\\\/?s={search_term_string}\"},\"query-input\":{\"@type\":\"PropertyValueSpecification\",\"valueRequired\":true,\"valueName\":\"search_term_string\"}}],\"inLanguage\":\"fr-FR\"},{\"@type\":\"Organization\",\"@id\":\"https:\\\/\\\/www.keller-kek.de\\\/fr\\\/#organization\",\"name\":\"EGON KELLER GMBH & CO. KG\",\"alternateName\":\"Industrielle Schneckenpressen und Baumwollentk\u00f6rnungsmaschinen\",\"url\":\"https:\\\/\\\/www.keller-kek.de\\\/fr\\\/\",\"logo\":{\"@type\":\"ImageObject\",\"inLanguage\":\"fr-FR\",\"@id\":\"https:\\\/\\\/www.keller-kek.de\\\/fr\\\/#\\\/schema\\\/logo\\\/image\\\/\",\"url\":\"http:\\\/\\\/wordpress.p697647.webspaceconfig.de\\\/wp-content\\\/uploads\\\/keller-kek-fav.webp\",\"contentUrl\":\"http:\\\/\\\/wordpress.p697647.webspaceconfig.de\\\/wp-content\\\/uploads\\\/keller-kek-fav.webp\",\"width\":512,\"height\":512,\"caption\":\"EGON KELLER GMBH & CO. KG\"},\"image\":{\"@id\":\"https:\\\/\\\/www.keller-kek.de\\\/fr\\\/#\\\/schema\\\/logo\\\/image\\\/\"},\"sameAs\":[\"https:\\\/\\\/www.facebook.com\\\/egon.keller.gmbh.und.co.kg\\\/\",\"https:\\\/\\\/www.instagram.com\\\/kek_germany\\\/\"]}]}<\/script>\n<!-- \/ Yoast SEO plugin. -->","yoast_head_json":{"title":"Mentions l\u00e9gales | Egon Keller GmbH & Co. KG","description":"Mentions l\u00e9gales de la soci\u00e9t\u00e9 Egon Keller GmbH & Co. KG, Remscheid : informations sur le registre du commerce, la direction, les coordonn\u00e9es et le num\u00e9ro de TVA intracommunautaire.","robots":{"index":"noindex","follow":"follow"},"og_locale":"fr_FR","og_type":"article","og_title":"Mentions l\u00e9gales | Egon Keller GmbH & Co. KG","og_description":"Mentions l\u00e9gales de la soci\u00e9t\u00e9 Egon Keller GmbH & Co. KG, Remscheid : informations sur le registre du commerce, la direction, les coordonn\u00e9es et le num\u00e9ro de TVA intracommunautaire.","og_url":"https:\/\/www.keller-kek.de\/fr\/mentions-legales\/","og_site_name":"Keller KEK","article_publisher":"https:\/\/www.facebook.com\/egon.keller.gmbh.und.co.kg\/","article_modified_time":"2026-04-08T18:41:29+00:00","og_image":[{"width":2144,"height":1430,"url":"https:\/\/www.keller-kek.de\/wp-content\/uploads\/keller-kek-maschine-training.webp","type":"image\/webp"}],"twitter_card":"summary_large_image","twitter_misc":{"Dur\u00e9e de lecture estim\u00e9e":"1 minute"},"schema":{"@context":"https:\/\/schema.org","@graph":[{"@type":"WebPage","@id":"https:\/\/www.keller-kek.de\/fr\/mentions-legales\/","url":"https:\/\/www.keller-kek.de\/fr\/mentions-legales\/","name":"Mentions l\u00e9gales | Egon Keller GmbH & Co. KG","isPartOf":{"@id":"https:\/\/www.keller-kek.de\/fr\/#website"},"primaryImageOfPage":{"@id":"https:\/\/www.keller-kek.de\/fr\/mentions-legales\/#primaryimage"},"image":{"@id":"https:\/\/www.keller-kek.de\/fr\/mentions-legales\/#primaryimage"},"thumbnailUrl":"https:\/\/www.keller-kek.de\/wp-content\/uploads\/keller-kek-maschine-training.webp","datePublished":"2024-03-12T13:23:08+00:00","dateModified":"2026-04-08T18:41:29+00:00","description":"Mentions l\u00e9gales de la soci\u00e9t\u00e9 Egon Keller GmbH & Co. KG, Remscheid : informations sur le registre du commerce, la direction, les coordonn\u00e9es et le num\u00e9ro de TVA intracommunautaire.","breadcrumb":{"@id":"https:\/\/www.keller-kek.de\/fr\/mentions-legales\/#breadcrumb"},"inLanguage":"fr-FR","potentialAction":[{"@type":"ReadAction","target":["https:\/\/www.keller-kek.de\/fr\/mentions-legales\/"]}]},{"@type":"ImageObject","inLanguage":"fr-FR","@id":"https:\/\/www.keller-kek.de\/fr\/mentions-legales\/#primaryimage","url":"https:\/\/www.keller-kek.de\/wp-content\/uploads\/keller-kek-maschine-training.webp","contentUrl":"https:\/\/www.keller-kek.de\/wp-content\/uploads\/keller-kek-maschine-training.webp","width":2144,"height":1430},{"@type":"BreadcrumbList","@id":"https:\/\/www.keller-kek.de\/fr\/mentions-legales\/#breadcrumb","itemListElement":[{"@type":"ListItem","position":1,"name":"Home","item":"https:\/\/www.keller-kek.de\/fr\/accueil\/"},{"@type":"ListItem","position":2,"name":"Mentions l\u00e9gales"}]},{"@type":"WebSite","@id":"https:\/\/www.keller-kek.de\/fr\/#website","url":"https:\/\/www.keller-kek.de\/fr\/","name":"Keller KEK","description":"Industrielle Schneckenpressen und Baumwollentk\u00f6rnungsmaschinen","publisher":{"@id":"https:\/\/www.keller-kek.de\/fr\/#organization"},"alternateName":"KEK","potentialAction":[{"@type":"SearchAction","target":{"@type":"EntryPoint","urlTemplate":"https:\/\/www.keller-kek.de\/fr\/?s={search_term_string}"},"query-input":{"@type":"PropertyValueSpecification","valueRequired":true,"valueName":"search_term_string"}}],"inLanguage":"fr-FR"},{"@type":"Organization","@id":"https:\/\/www.keller-kek.de\/fr\/#organization","name":"EGON KELLER GMBH & CO. KG","alternateName":"Industrielle Schneckenpressen und Baumwollentk\u00f6rnungsmaschinen","url":"https:\/\/www.keller-kek.de\/fr\/","logo":{"@type":"ImageObject","inLanguage":"fr-FR","@id":"https:\/\/www.keller-kek.de\/fr\/#\/schema\/logo\/image\/","url":"http:\/\/wordpress.p697647.webspaceconfig.de\/wp-content\/uploads\/keller-kek-fav.webp","contentUrl":"http:\/\/wordpress.p697647.webspaceconfig.de\/wp-content\/uploads\/keller-kek-fav.webp","width":512,"height":512,"caption":"EGON KELLER GMBH & CO. KG"},"image":{"@id":"https:\/\/www.keller-kek.de\/fr\/#\/schema\/logo\/image\/"},"sameAs":["https:\/\/www.facebook.com\/egon.keller.gmbh.und.co.kg\/","https:\/\/www.instagram.com\/kek_germany\/"]}]}},"_links":{"self":[{"href":"https:\/\/www.keller-kek.de\/fr\/wp-json\/wp\/v2\/pages\/3447","targetHints":{"allow":["GET"]}}],"collection":[{"href":"https:\/\/www.keller-kek.de\/fr\/wp-json\/wp\/v2\/pages"}],"about":[{"href":"https:\/\/www.keller-kek.de\/fr\/wp-json\/wp\/v2\/types\/page"}],"author":[{"embeddable":true,"href":"https:\/\/www.keller-kek.de\/fr\/wp-json\/wp\/v2\/users\/3"}],"replies":[{"embeddable":true,"href":"https:\/\/www.keller-kek.de\/fr\/wp-json\/wp\/v2\/comments?post=3447"}],"version-history":[{"count":2,"href":"https:\/\/www.keller-kek.de\/fr\/wp-json\/wp\/v2\/pages\/3447\/revisions"}],"predecessor-version":[{"id":3607,"href":"https:\/\/www.keller-kek.de\/fr\/wp-json\/wp\/v2\/pages\/3447\/revisions\/3607"}],"wp:featuredmedia":[{"embeddable":true,"href":"https:\/\/www.keller-kek.de\/fr\/wp-json\/wp\/v2\/media\/3643"}],"wp:attachment":[{"href":"https:\/\/www.keller-kek.de\/fr\/wp-json\/wp\/v2\/media?parent=3447"}],"curies":[{"name":"wp","href":"https:\/\/api.w.org\/{rel}","templated":true}]}}